{"id":3258,"date":"2022-04-24T22:49:14","date_gmt":"2022-04-24T20:49:14","guid":{"rendered":"https:\/\/jarnejazzaky.sk\/?page_id=3258"},"modified":"2022-04-24T22:49:15","modified_gmt":"2022-04-24T20:49:15","slug":"contact","status":"publish","type":"page","link":"https:\/\/jarnejazzaky.sk\/en\/contact\/","title":{"rendered":"Contact"},"content":{"rendered":"<p>Rock Pop Bratislava, s.r.o.<br \/>\nJakubovo n\u00e1m. 12<br \/>\n811 09 Bratislava<br \/>\nSlovakia<br \/>\nOR Okr. sud Bratislava 1, No: Sro 6478\/B<\/p>\n<p><strong>Katar\u00edna Lipov\u00e1<\/strong> &#8211; booking &amp; production manager<br \/>\nemail: katarina(at)<a href=\"http:\/\/rockpop.sk\">rockpop.sk<\/a><br \/>\nPhone: +421 2 52 93 15 72<br \/>\nCell: +421 908 512 063<\/p>\n<p><strong>Silvia Turnerov\u00e1<\/strong> &#8211; PR manager<br \/>\nemail: silvia(at)<a href=\"http:\/\/rockpop.sk\">rockpop.sk<\/a><br \/>\nStefania Turnerova &#8211; financial accountant director<br \/>\nemail: turnerova(at)<a href=\"http:\/\/rockpop.sk\">rockpop.sk<\/a><\/p>\n<p style=\"font-weight: 400;\"><strong>Katar\u00edna \u0160tefkov\u00e1<\/strong> &#8211; booking &amp; production manager<br \/>\nemail: stefkova(at)rockpop.sk<br \/>\nPhone: +421 2 52 93 15 72<br \/>\nCell:&nbsp;+421 902835847<\/p>\n","protected":false},"excerpt":{"rendered":"<p>Rock Pop Bratislava, s.r.o. Jakubovo n\u00e1m. 12 811 09 Bratislava Slovakia OR Okr. sud Bratislava 1, No: Sro 6478\/B Katar\u00edna Lipov\u00e1 &#8211; booking &amp; production manager email: katarina(at)rockpop.sk Phone: +421 2 52 93 15 72 Cell: +421 908 512 063&#8230;<\/p>\n","protected":false},"author":1,"featured_media":0,"parent":0,"menu_order":0,"comment_status":"closed","ping_status":"closed","template":"template-contact.php","meta":{"footnotes":""},"class_list":["post-3258","page","type-page","status-publish","hentry"],"_links":{"self":[{"href":"https:\/\/jarnejazzaky.sk\/en\/wp-json\/wp\/v2\/pages\/3258","targetHints":{"allow":["GET"]}}],"collection":[{"href":"https:\/\/jarnejazzaky.sk\/en\/wp-json\/wp\/v2\/pages"}],"about":[{"href":"https:\/\/jarnejazzaky.sk\/en\/wp-json\/wp\/v2\/types\/page"}],"author":[{"embeddable":true,"href":"https:\/\/jarnejazzaky.sk\/en\/wp-json\/wp\/v2\/users\/1"}],"replies":[{"embeddable":true,"href":"https:\/\/jarnejazzaky.sk\/en\/wp-json\/wp\/v2\/comments?post=3258"}],"version-history":[{"count":1,"href":"https:\/\/jarnejazzaky.sk\/en\/wp-json\/wp\/v2\/pages\/3258\/revisions"}],"predecessor-version":[{"id":3259,"href":"https:\/\/jarnejazzaky.sk\/en\/wp-json\/wp\/v2\/pages\/3258\/revisions\/3259"}],"wp:attachment":[{"href":"https:\/\/jarnejazzaky.sk\/en\/wp-json\/wp\/v2\/media?parent=3258"}],"curies":[{"name":"wp","href":"https:\/\/api.w.org\/{rel}","templated":true}]}}