{"id":3256,"date":"2022-04-24T22:46:35","date_gmt":"2022-04-24T20:46:35","guid":{"rendered":"https:\/\/jarnejazzaky.sk\/?page_id=3256"},"modified":"2022-04-24T22:46:36","modified_gmt":"2022-04-24T20:46:36","slug":"gallery","status":"publish","type":"page","link":"https:\/\/jarnejazzaky.sk\/en\/gallery\/","title":{"rendered":"Gallery"},"content":{"rendered":"<div class=\"wpb-content-wrapper\"><p>[vc_row][vc_column width=&#8221;1\/4&#8243;][vc_single_image image=&#8221;3048&#8243; img_size=&#8221;medium&#8221; alignment=&#8221;center&#8221; onclick=&#8221;custom_link&#8221; link=&#8221;https:\/\/jarnejazzaky.sk\/js_photo_albums\/2018-ester-rada-omar-hakim-rachel-z-kadi-voorand\/&#8221;][vc_column_text]<\/p>\n<h5 style=\"text-align: center;\"><a href=\"https:\/\/jarnejazzaky.sk\/js_photo_albums\/2019-stanley-clarke-alfa-mist-strapo-kristina-mihalova-jakub-sedivy\/\">2019&nbsp;<\/a><br \/>\n<a href=\"https:\/\/jarnejazzaky.sk\/js_photo_albums\/2019-stanley-clarke-alfa-mist-strapo-kristina-mihalova-jakub-sedivy\/\"> Stanley Clarke, Alfa Mist, Strapo, Krist\u00edna Miha\u013eov\u00e1 &amp; Jakub \u0160ediv\u00fd<\/a><\/h5>\n<p>[\/vc_column_text][\/vc_column][vc_column width=&#8221;1\/4&#8243;][vc_single_image image=&#8221;2518&#8243; img_size=&#8221;medium&#8221; alignment=&#8221;center&#8221; onclick=&#8221;custom_link&#8221; link=&#8221;https:\/\/jarnejazzaky.sk\/js_photo_albums\/2018-ester-rada-omar-hakim-rachel-z-kadi-voorand\/&#8221;][vc_column_text]<\/p>\n<h5 style=\"text-align: center;\"><a href=\"https:\/\/jarnejazzaky.sk\/js_photo_albums\/2018-ester-rada-omar-hakim-rachel-z-kadi-voorand\/\">2018<br \/>\nEster Rada, Omar Hakim &amp; Rachel Z, Kadi Voorand<\/a><\/h5>\n<p>[\/vc_column_text][\/vc_column][vc_column width=&#8221;1\/4&#8243;][vc_single_image image=&#8221;2562&#8243; img_size=&#8221;medium&#8221; alignment=&#8221;center&#8221; onclick=&#8221;custom_link&#8221; link=&#8221;https:\/\/jarnejazzaky.sk\/js_photo_albums\/2017-bill-laurance-vocal-sampling-sivan-arbel\/&#8221;][vc_column_text]<\/p>\n<h5 style=\"text-align: center;\"><a href=\"https:\/\/jarnejazzaky.sk\/js_photo_albums\/2017-bill-laurance-vocal-sampling-sivan-arbel\/\">2017<br \/>\nBill Laurance, Vocal Sampling, Sivan Arbel<\/a><\/h5>\n<p>[\/vc_column_text][\/vc_column][vc_column width=&#8221;1\/4&#8243;][vc_single_image image=&#8221;2636&#8243; img_size=&#8221;medium&#8221; alignment=&#8221;center&#8221; onclick=&#8221;custom_link&#8221; link=&#8221;https:\/\/jarnejazzaky.sk\/js_photo_albums\/2016-cory-henry-jacob-collier-kinga-glyk\/&#8221;][vc_column_text]<\/p>\n<h5 style=\"text-align: center;\"><a href=\"https:\/\/jarnejazzaky.sk\/js_photo_albums\/2016-cory-henry-jacob-collier-kinga-glyk\/\">2016<br \/>\nCory Henry, Jacob Collier, Kinga Glyk<\/a><\/h5>\n<p>[\/vc_column_text][\/vc_column][\/vc_row][vc_row css=&#8221;.vc_custom_1552426660302{margin-top: 40px !important;}&#8221;][vc_column width=&#8221;1\/4&#8243;][vc_single_image image=&#8221;2643&#8243; img_size=&#8221;medium&#8221; alignment=&#8221;center&#8221; onclick=&#8221;custom_link&#8221; link=&#8221;https:\/\/jarnejazzaky.sk\/js_photo_albums\/2015-richard-bona-sisa-feher-lipa\/&#8221;][vc_column_text]<\/p>\n<h5 style=\"text-align: center;\"><a href=\"https:\/\/jarnejazzaky.sk\/js_photo_albums\/2015-richard-bona-sisa-feher-lipa\/\">2015<br \/>\nRichard Bona, Sisa Feh\u00e9r, Lipa <\/a><\/h5>\n<p>[\/vc_column_text][\/vc_column][vc_column width=&#8221;1\/4&#8243;][vc_single_image image=&#8221;2669&#8243; img_size=&#8221;medium&#8221; alignment=&#8221;center&#8221; onclick=&#8221;custom_link&#8221; link=&#8221;https:\/\/jarnejazzaky.sk\/js_photo_albums\/2013-incognito-butterscotch-peter-lipa-band\/&#8221;][vc_column_text]<\/p>\n<h5 style=\"text-align: center;\"><a href=\"https:\/\/jarnejazzaky.sk\/js_photo_albums\/2013-incognito-butterscotch-peter-lipa-band\/\">2013<br \/>\nIncognito, Butterscotch, Peter Lipa Band<\/a><\/h5>\n<p>[\/vc_column_text][\/vc_column][vc_column width=&#8221;1\/4&#8243;][vc_single_image image=&#8221;2695&#8243; img_size=&#8221;medium&#8221; alignment=&#8221;center&#8221; onclick=&#8221;custom_link&#8221; link=&#8221;https:\/\/jarnejazzaky.sk\/js_photo_albums\/2012-marcus-miller-lever-42-finally\/&#8221;][vc_column_text]<\/p>\n<h5 style=\"text-align: center;\"><a href=\"https:\/\/jarnejazzaky.sk\/js_photo_albums\/2012-marcus-miller-lever-42-finally\/\">2012<br \/>\nMarcus Miller, Lever 42, Finally<\/a><\/h5>\n<p>[\/vc_column_text][\/vc_column][vc_column width=&#8221;1\/4&#8243;][vc_single_image image=&#8221;2716&#8243; img_size=&#8221;medium&#8221; alignment=&#8221;center&#8221; onclick=&#8221;custom_link&#8221; link=&#8221;https:\/\/jarnejazzaky.sk\/js_photo_albums\/2011-jeff-beck-hot-pants-road-club-100-much\/&#8221;][vc_column_text]<\/p>\n<h5 style=\"text-align: center;\"><a href=\"https:\/\/jarnejazzaky.sk\/js_photo_albums\/2011-jeff-beck-hot-pants-road-club-100-much\/\">2011<br \/>\nJeff Beck, Hot Pants Road Club, 100 M\u00fach<\/a><\/h5>\n<p>[\/vc_column_text][\/vc_column][\/vc_row][vc_row css=&#8221;.vc_custom_1552426660302{margin-top: 40px !important;}&#8221;][vc_column width=&#8221;1\/4&#8243;][vc_single_image image=&#8221;2771&#8243; img_size=&#8221;medium&#8221; alignment=&#8221;center&#8221; onclick=&#8221;custom_link&#8221; link=&#8221;https:\/\/jarnejazzaky.sk\/js_photo_albums\/2010-john-mayall-blues-band-lubos-andrst\/&#8221;][vc_column_text]<\/p>\n<h5 style=\"text-align: center;\"><a href=\"https:\/\/jarnejazzaky.sk\/js_photo_albums\/2010-john-mayall-blues-band-lubos-andrst\/\">2010<br \/>\nJohn Mayall, Blues Band &#8211; Lubo\u0161 Andr\u0161t<\/a><\/h5>\n<p>[\/vc_column_text][\/vc_column][vc_column width=&#8221;1\/4&#8243;][vc_single_image image=&#8221;2788&#8243; img_size=&#8221;medium&#8221; alignment=&#8221;center&#8221; onclick=&#8221;custom_link&#8221; link=&#8221;https:\/\/jarnejazzaky.sk\/js_photo_albums\/2009-maceo-parker-jamaaladeen-tacuma-harshegyband\/&#8221;][vc_column_text]<\/p>\n<h5 style=\"text-align: center;\"><a href=\"https:\/\/jarnejazzaky.sk\/js_photo_albums\/2009-maceo-parker-jamaaladeen-tacuma-harshegyband\/\">2009<br \/>\nMaceo Parker, Jamaaladeen Tacuma, H\u00e1rsHegyBand<\/a><\/h5>\n<p>[\/vc_column_text][\/vc_column][vc_column width=&#8221;1\/4&#8243;][vc_single_image image=&#8221;2822&#8243; img_size=&#8221;medium&#8221; alignment=&#8221;center&#8221; onclick=&#8221;custom_link&#8221; link=&#8221;https:\/\/jarnejazzaky.sk\/js_photo_albums\/2008-rhonda-smith-lygia-campos-lipa-band-cekovsky-fratrik-toth-richard-bona-fabricky-band\/&#8221;][vc_column_text]<\/p>\n<h5 style=\"text-align: center;\"><a href=\"https:\/\/jarnejazzaky.sk\/js_photo_albums\/2008-rhonda-smith-lygia-campos-lipa-band-cekovsky-fratrik-toth-richard-bona-fabricky-band\/\">2008 &#8211; Rhonda Smith, Lygia Campos, Lipa Band, \u010cekovsk\u00fd\/Fratrik\/Toth, Richard Bona, Fabricky band<\/a><\/h5>\n<p>[\/vc_column_text][\/vc_column][vc_column width=&#8221;1\/4&#8243;][\/vc_column][\/vc_row]<\/p>\n<\/div>","protected":false},"excerpt":{"rendered":"<p>[vc_row][vc_column width=&#8221;1\/4&#8243;][vc_single_image image=&#8221;3048&#8243; img_size=&#8221;medium&#8221; alignment=&#8221;center&#8221; onclick=&#8221;custom_link&#8221; link=&#8221;https:\/\/jarnejazzaky.sk\/js_photo_albums\/2018-ester-rada-omar-hakim-rachel-z-kadi-voorand\/&#8221;][vc_column_text] 2019&nbsp; Stanley Clarke, Alfa Mist, Strapo, Krist\u00edna Miha\u013eov\u00e1 &amp; Jakub \u0160ediv\u00fd [\/vc_column_text][\/vc_column][vc_column width=&#8221;1\/4&#8243;][vc_single_image image=&#8221;2518&#8243; img_size=&#8221;medium&#8221; alignment=&#8221;center&#8221; onclick=&#8221;custom_link&#8221; link=&#8221;https:\/\/jarnejazzaky.sk\/js_photo_albums\/2018-ester-rada-omar-hakim-rachel-z-kadi-voorand\/&#8221;][vc_column_text] 2018 Ester Rada, Omar Hakim &amp; Rachel Z, Kadi Voorand [\/vc_column_text][\/vc_column][vc_column width=&#8221;1\/4&#8243;][vc_single_image image=&#8221;2562&#8243; img_size=&#8221;medium&#8221; alignment=&#8221;center&#8221;&#8230;<\/p>\n","protected":false},"author":1,"featured_media":0,"parent":0,"menu_order":0,"comment_status":"closed","ping_status":"closed","template":"","meta":{"footnotes":""},"class_list":["post-3256","page","type-page","status-publish","hentry"],"_links":{"self":[{"href":"https:\/\/jarnejazzaky.sk\/en\/wp-json\/wp\/v2\/pages\/3256","targetHints":{"allow":["GET"]}}],"collection":[{"href":"https:\/\/jarnejazzaky.sk\/en\/wp-json\/wp\/v2\/pages"}],"about":[{"href":"https:\/\/jarnejazzaky.sk\/en\/wp-json\/wp\/v2\/types\/page"}],"author":[{"embeddable":true,"href":"https:\/\/jarnejazzaky.sk\/en\/wp-json\/wp\/v2\/users\/1"}],"replies":[{"embeddable":true,"href":"https:\/\/jarnejazzaky.sk\/en\/wp-json\/wp\/v2\/comments?post=3256"}],"version-history":[{"count":1,"href":"https:\/\/jarnejazzaky.sk\/en\/wp-json\/wp\/v2\/pages\/3256\/revisions"}],"predecessor-version":[{"id":3257,"href":"https:\/\/jarnejazzaky.sk\/en\/wp-json\/wp\/v2\/pages\/3256\/revisions\/3257"}],"wp:attachment":[{"href":"https:\/\/jarnejazzaky.sk\/en\/wp-json\/wp\/v2\/media?parent=3256"}],"curies":[{"name":"wp","href":"https:\/\/api.w.org\/{rel}","templated":true}]}}