{"id":3252,"date":"2022-04-24T22:44:00","date_gmt":"2022-04-24T20:44:00","guid":{"rendered":"https:\/\/jarnejazzaky.sk\/?page_id=3252"},"modified":"2022-04-24T22:44:02","modified_gmt":"2022-04-24T20:44:02","slug":"tickets","status":"publish","type":"page","link":"https:\/\/jarnejazzaky.sk\/en\/tickets\/","title":{"rendered":"Tickets"},"content":{"rendered":"<div class=\"wpb-content-wrapper\"><p>[vc_row][vc_column width=&#8221;1\/2&#8243;][vc_column_text]<\/p>\n<h2>Open-Air Jarn\u00e9 Jazz\u00e1ky 2022<\/h2>\n<h2>N. Smith \/ S. Ho\u0161ek<\/h2>\n<p style=\"font-weight: 400;\">St\u00e1tie \/ stand by st\u00f4l &#8211; 19 eur<\/p>\n<p style=\"font-weight: 400;\">Sedenie na mieste &#8211; 29 eur<\/p>\n<p style=\"font-weight: 400;\">Sedenie pri stole &#8211; 33 eur<\/p>\n<p>[\/vc_column_text][vc_btn title=&#8221;K\u00fapi\u0165 l\u00edstok&#8221; style=&#8221;flat&#8221; shape=&#8221;square&#8221; color=&#8221;danger&#8221; size=&#8221;lg&#8221; align=&#8221;left&#8221; link=&#8221;url:https%3A%2F%2Fwww.ticketportal.sk%2Fevent%2FOpen-Air-Jarne-Jazzaky-2022-N-Smith-S-Hosek||target:%20_blank|&#8221;][\/vc_column][vc_column width=&#8221;1\/2&#8243;][vc_column_text][\/vc_column_text][\/vc_column][\/vc_row]<\/p>\n<\/div>","protected":false},"excerpt":{"rendered":"<p>[vc_row][vc_column width=&#8221;1\/2&#8243;][vc_column_text] Open-Air Jarn\u00e9 Jazz\u00e1ky 2022 N. Smith \/ S. Ho\u0161ek St\u00e1tie \/ stand by st\u00f4l &#8211; 19 eur Sedenie na mieste &#8211; 29 eur Sedenie pri stole &#8211; 33 eur [\/vc_column_text][vc_btn title=&#8221;K\u00fapi\u0165 l\u00edstok&#8221; style=&#8221;flat&#8221; shape=&#8221;square&#8221; color=&#8221;danger&#8221; size=&#8221;lg&#8221; align=&#8221;left&#8221; link=&#8221;url:https%3A%2F%2Fwww.ticketportal.sk%2Fevent%2FOpen-Air-Jarne-Jazzaky-2022-N-Smith-S-Hosek||target:%20_blank|&#8221;][\/vc_column][vc_column&#8230;<\/p>\n","protected":false},"author":1,"featured_media":0,"parent":0,"menu_order":0,"comment_status":"closed","ping_status":"closed","template":"","meta":{"footnotes":""},"class_list":["post-3252","page","type-page","status-publish","hentry"],"_links":{"self":[{"href":"https:\/\/jarnejazzaky.sk\/en\/wp-json\/wp\/v2\/pages\/3252","targetHints":{"allow":["GET"]}}],"collection":[{"href":"https:\/\/jarnejazzaky.sk\/en\/wp-json\/wp\/v2\/pages"}],"about":[{"href":"https:\/\/jarnejazzaky.sk\/en\/wp-json\/wp\/v2\/types\/page"}],"author":[{"embeddable":true,"href":"https:\/\/jarnejazzaky.sk\/en\/wp-json\/wp\/v2\/users\/1"}],"replies":[{"embeddable":true,"href":"https:\/\/jarnejazzaky.sk\/en\/wp-json\/wp\/v2\/comments?post=3252"}],"version-history":[{"count":1,"href":"https:\/\/jarnejazzaky.sk\/en\/wp-json\/wp\/v2\/pages\/3252\/revisions"}],"predecessor-version":[{"id":3253,"href":"https:\/\/jarnejazzaky.sk\/en\/wp-json\/wp\/v2\/pages\/3252\/revisions\/3253"}],"wp:attachment":[{"href":"https:\/\/jarnejazzaky.sk\/en\/wp-json\/wp\/v2\/media?parent=3252"}],"curies":[{"name":"wp","href":"https:\/\/api.w.org\/{rel}","templated":true}]}}